{"id":13043,"date":"2018-03-27T20:29:06","date_gmt":"2018-03-27T20:29:06","guid":{"rendered":"http:\/\/czajans.com\/servetim\/?page_id=13043"},"modified":"2018-03-27T23:23:27","modified_gmt":"2018-03-27T23:23:27","slug":"iletisim","status":"publish","type":"page","link":"https:\/\/www.servetimskincarehouse.com\/index.php\/iletisim\/","title":{"rendered":"\u0130leti\u015fim"},"content":{"rendered":"<div class=\"wpforms-container wpforms-container-full\" id=\"wpforms-13046\"><form id=\"wpforms-form-13046\" class=\"wpforms-validate wpforms-form\" data-formid=\"13046\" method=\"post\" enctype=\"multipart\/form-data\" action=\"\/index.php\/wp-json\/wp\/v2\/pages\/13043\" data-token=\"0e4375be2da5701ef30d23962949e33a\" data-token-time=\"1777657154\"><noscript class=\"wpforms-error-noscript\">Bu formu bitirebilmek i\u00e7in taray\u0131c\u0131n\u0131zda JavaScript&#039;i etkinle\u015ftirin.<\/noscript><div class=\"wpforms-field-container\"><div id=\"wpforms-13046-field_0-container\" class=\"wpforms-field wpforms-field-name\" data-field-id=\"0\"><label class=\"wpforms-field-label\" for=\"wpforms-13046-field_0\">\u0130sim <span class=\"wpforms-required-label\">*<\/span><\/label><input type=\"text\" id=\"wpforms-13046-field_0\" class=\"wpforms-field-medium wpforms-field-required\" name=\"wpforms[fields][0]\" required><\/div><div id=\"wpforms-13046-field_1-container\" class=\"wpforms-field wpforms-field-email\" data-field-id=\"1\"><label class=\"wpforms-field-label\" for=\"wpforms-13046-field_1\">Email <span class=\"wpforms-required-label\">*<\/span><\/label><input type=\"email\" id=\"wpforms-13046-field_1\" class=\"wpforms-field-medium wpforms-field-required\" name=\"wpforms[fields][1]\" spellcheck=\"false\" required><\/div><div id=\"wpforms-13046-field_2-container\" class=\"wpforms-field wpforms-field-textarea\" data-field-id=\"2\"><label class=\"wpforms-field-label\" for=\"wpforms-13046-field_2\">Ne sormak isterdiniz? <span class=\"wpforms-required-label\">*<\/span><\/label><textarea id=\"wpforms-13046-field_2\" class=\"wpforms-field-medium wpforms-field-required\" name=\"wpforms[fields][2]\" required><\/textarea><\/div><\/div><!-- .wpforms-field-container --><div class=\"wpforms-field wpforms-field-hp\"><label for=\"wpforms-13046-field-hp\" class=\"wpforms-field-label\">Name<\/label><input type=\"text\" name=\"wpforms[hp]\" id=\"wpforms-13046-field-hp\" class=\"wpforms-field-medium\"><\/div><div class=\"wpforms-submit-container\" ><input type=\"hidden\" name=\"wpforms[id]\" value=\"13046\"><input type=\"hidden\" name=\"page_title\" value=\"\"><input type=\"hidden\" name=\"page_url\" value=\"https:\/\/www.servetimskincarehouse.com\/index.php\/wp-json\/wp\/v2\/pages\/13043\"><button type=\"submit\" name=\"wpforms[submit]\" id=\"wpforms-submit-13046\" class=\"wpforms-submit\" data-alt-text=\"Sending...\" data-submit-text=\"G\u00f6nder\" aria-live=\"assertive\" value=\"wpforms-submit\">G\u00f6nder<\/button><\/div><\/form><\/div>  <!-- .wpforms-container -->\n<p><strong>Adresimiz:<\/strong><\/p>\n<div class=\"_5aj7 _3-8j _20ud\">\n<div class=\"_4bl9\">\n<div><span class=\"_2iem\">Yenimahalle Ni\u015fangah caddesi 54 Anadolu Hisar\u0131 Beykoz\u00a0<\/span><span class=\"_2iem\">\u0130stanbul<\/span><\/div>\n<\/div>\n<\/div>\n<div class=\"_5aj7 _3-8j _20ud\">\n<div class=\"_4bl9\">\n<div>Telefon: 0532 421 01 42<\/div>\n<\/div>\n<p><iframe loading=\"lazy\" src=\"https:\/\/www.google.com\/maps\/d\/embed?mid=1XusasGCQUhtMnCYtOldmswt5pJU&amp;hl=en_US\" width=\"640\" height=\"480\"><\/iframe><\/p>\n","protected":false},"excerpt":{"rendered":"<p>Adresimiz: Yenimahalle Ni\u015fangah caddesi 54 Anadolu Hisar\u0131 Beykoz\u00a0\u0130stanbul Telefon: 0532 421 01 42<\/p>\n","protected":false},"author":1,"featured_media":0,"parent":0,"menu_order":0,"comment_status":"closed","ping_status":"closed","template":"","meta":{"footnotes":""},"_links":{"self":[{"href":"https:\/\/www.servetimskincarehouse.com\/index.php\/wp-json\/wp\/v2\/pages\/13043"}],"collection":[{"href":"https:\/\/www.servetimskincarehouse.com\/index.php\/wp-json\/wp\/v2\/pages"}],"about":[{"href":"https:\/\/www.servetimskincarehouse.com\/index.php\/wp-json\/wp\/v2\/types\/page"}],"author":[{"embeddable":true,"href":"https:\/\/www.servetimskincarehouse.com\/index.php\/wp-json\/wp\/v2\/users\/1"}],"replies":[{"embeddable":true,"href":"https:\/\/www.servetimskincarehouse.com\/index.php\/wp-json\/wp\/v2\/comments?post=13043"}],"version-history":[{"count":2,"href":"https:\/\/www.servetimskincarehouse.com\/index.php\/wp-json\/wp\/v2\/pages\/13043\/revisions"}],"predecessor-version":[{"id":13090,"href":"https:\/\/www.servetimskincarehouse.com\/index.php\/wp-json\/wp\/v2\/pages\/13043\/revisions\/13090"}],"wp:attachment":[{"href":"https:\/\/www.servetimskincarehouse.com\/index.php\/wp-json\/wp\/v2\/media?parent=13043"}],"curies":[{"name":"wp","href":"https:\/\/api.w.org\/{rel}","templated":true}]}}