{"id":12988,"date":"2018-03-27T19:14:32","date_gmt":"2018-03-27T19:14:32","guid":{"rendered":"http:\/\/czajans.com\/servetim\/?page_id=12988"},"modified":"2024-06-03T10:49:02","modified_gmt":"2024-06-03T10:49:02","slug":"sizin-guzellik-kocunuz-var-mi","status":"publish","type":"page","link":"https:\/\/www.servetimskincarehouse.com\/","title":{"rendered":"Sizin G\u00fczellik Ko\u00e7unuz Var m\u0131?"},"content":{"rendered":"<p>G\u00fczellik ko\u00e7lu\u011fu kar\u015f\u0131s\u0131ndaki ki\u015finin bir ad\u0131m atmas\u0131na yard\u0131m etmektir. Onu cesaretlendirmektir. \u0130\u00e7inde var olan yetenekleri ve g\u00fczellikleri d\u0131\u015far\u0131 \u00e7\u0131karmakt\u0131r. Ko\u00e7 dan\u0131\u015fan\u0131n i\u00e7indeki cevheri \u00e7\u0131karmas\u0131na yard\u0131mc\u0131 olur. As\u0131l anlam\u0131yla ko\u00e7luk da budur zaten.<\/p>\n<p>Servetim Skin Care House&#8217;un kurucusu Servet Meng\u00fc\u00e7 T\u0131nar 1988 y\u0131l\u0131nda kozmotoloji uzman\u0131 olarak i\u015fe ba\u015flad\u0131.<\/p>\n<p><img decoding=\"async\" class=\"size-medium wp-image-12989 alignleft\" src=\"..\/wp-content\/uploads\/2018\/03\/servet-t\u0131nar-2-225x300.jpg\" alt=\"\" \/><span style=\"color: initial; font-size: revert;\">12 y\u0131l e\u011fitmen, g\u00fczellik salonlar\u0131 direkt\u00f6r\u00fc ve ba\u015f uzman olarak \u00e7al\u0131\u015ft\u0131.<\/span><\/p>\n<p>2000 senesinde Servetim Skin Care House&#8217;u kurdu.<\/p>\n<p>G\u00fczellik E\u011fitimi yan\u0131 s\u0131ra 2 sene Ko\u00e7luk e\u011fitimi ald\u0131. Ko\u00e7luk dan\u0131\u015fana yol g\u00f6stermektir. Dan\u0131\u015fanlar\u0131, dostlar\u0131 da bu y\u00f6n\u00fcn\u00fc severler. Servet Meng\u00fc\u00e7 T\u0131nar dan\u0131\u015fanlar\u0131n\u0131n, dostlar\u0131n\u0131n g\u00fczelli\u011fine holistik bir bak\u0131\u015f a\u00e7\u0131s\u0131 ile yakla\u015f\u0131r.<\/p>\n<h3>\u00c7\u00fcnk\u00fc\u00a0<strong>G\u00fczellik b\u00fct\u00fcnsel bir olayd\u0131r.<\/strong><\/h3>\n<p>30 y\u0131ll\u0131k g\u00fczellik ser\u00fcveni Anadolu Hisar\u0131&#8217;ndaki bah\u00e7eli butik mekan\u0131nda devam etmektedir. <img \/><\/p>\n<p><img loading=\"lazy\" decoding=\"async\" src=\"https:\/\/www.servetimskincarehouse.com\/wp-content\/uploads\/2018\/03\/servetim-skin-care-house-1-300x133.jpg\" alt=\"\" width=\"300\" height=\"133\" \/><\/p>\n<p>Ayr\u0131ca firmalarda G\u00fczellik G\u00fcnleri d\u00fczenlemektedir.<\/p>\n<p>G\u00fcn boyu yanan mumlar\u0131n ve t\u00fcts\u00fclerin yaratt\u0131\u011f\u0131 huzurlu ortam\u0131 ile de \u00fcnlenen Servetim Skin Care House sizi \u015f\u0131martan kendinizi iyi hissetmenizi sa\u011flayan stresten ve gerginlikten ar\u0131nd\u0131ran ki\u015fiye \u00f6zel programlar\u0131yla sizleri bah\u00e7eli butik mekan\u0131nda bekliyor.<\/p>\n<p>Servetim Skincare House&#8217;un sundu\u011fu hizmetler i\u00e7in l\u00fctfen <a href=\"\/index.php\/hizmetlerimiz\/\" target=\"_blank\" rel=\"noopener\"><strong>H\u0130ZMETLER\u0130M\u0130Z<\/strong> <\/a>sayfas\u0131n\u0131 ziyaret ediniz.<\/p>\n<p>Bug\u00fcne kadar yapt\u0131klar\u0131m\u0131z i\u00e7in ise <strong><a href=\"\/index.php\/biz-neler-yaptik\/\" target=\"_blank\" rel=\"noopener\">B\u0130Z NELER YAPTIK<\/a><\/strong> sayfas\u0131n\u0131 ziyaret ediniz.<\/p>\n<p><strong>Adresimiz:<\/strong><\/p>\n<div class=\"_5aj7 _3-8j _20ud\">\n<div class=\"_4bl9\">\n<div><span class=\"_2iem\">Yenimahalle Ni\u015fangah caddesi 54 Anadolu Hisar\u0131 Beykoz\u00a0<\/span><span class=\"_2iem\">\u0130stanbul<\/span><\/div>\n<\/div>\n<\/div>\n<div class=\"_5aj7 _3-8j _20ud\">\n<div class=\"_4bl9\">\n<div>Telefon: 0532 421 01 42<\/div>\n<\/div>\n<p><iframe>experiential essay writer be exceptionally cautious when choosing a service to receive it help. For this reason, you are able to find a graduate entrance essay irrespective of its complexity. If you&#8217;ve encountered similar problems at least once, then you have to already take note that it is wise to locate a service to write a college paper on the internet src=&#8221;https:\/\/www.google.com\/maps\/d\/embed?mid=1XusasGCQUhtMnCYtOldmswt5pJU&amp;hl=en_US&#8221; width=&#8221;640&#8243; height=&#8221;480&#8243;&gt;<\/iframe><\/p>\n<\/div>\n","protected":false},"excerpt":{"rendered":"<p>G\u00fczellik ko\u00e7lu\u011fu kar\u015f\u0131s\u0131ndaki ki\u015finin bir ad\u0131m atmas\u0131na yard\u0131m etmektir. Onu cesaretlendirmektir. \u0130\u00e7inde var olan yetenekleri ve g\u00fczellikleri d\u0131\u015far\u0131 \u00e7\u0131karmakt\u0131r. Ko\u00e7 dan\u0131\u015fan\u0131n i\u00e7indeki cevheri \u00e7\u0131karmas\u0131na yard\u0131mc\u0131 olur. As\u0131l anlam\u0131yla ko\u00e7luk da budur zaten. Servetim Skin Care House&#8217;un kurucusu Servet Meng\u00fc\u00e7 T\u0131nar 1988 y\u0131l\u0131nda kozmotoloji uzman\u0131 olarak i\u015fe ba\u015flad\u0131. 12 y\u0131l e\u011fitmen, g\u00fczellik salonlar\u0131 direkt\u00f6r\u00fc ve ba\u015f [&hellip;]<\/p>\n","protected":false},"author":1,"featured_media":19686,"parent":0,"menu_order":0,"comment_status":"open","ping_status":"open","template":"","meta":{"footnotes":""},"_links":{"self":[{"href":"https:\/\/www.servetimskincarehouse.com\/index.php\/wp-json\/wp\/v2\/pages\/12988"}],"collection":[{"href":"https:\/\/www.servetimskincarehouse.com\/index.php\/wp-json\/wp\/v2\/pages"}],"about":[{"href":"https:\/\/www.servetimskincarehouse.com\/index.php\/wp-json\/wp\/v2\/types\/page"}],"author":[{"embeddable":true,"href":"https:\/\/www.servetimskincarehouse.com\/index.php\/wp-json\/wp\/v2\/users\/1"}],"replies":[{"embeddable":true,"href":"https:\/\/www.servetimskincarehouse.com\/index.php\/wp-json\/wp\/v2\/comments?post=12988"}],"version-history":[{"count":16,"href":"https:\/\/www.servetimskincarehouse.com\/index.php\/wp-json\/wp\/v2\/pages\/12988\/revisions"}],"predecessor-version":[{"id":19681,"href":"https:\/\/www.servetimskincarehouse.com\/index.php\/wp-json\/wp\/v2\/pages\/12988\/revisions\/19681"}],"wp:featuredmedia":[{"embeddable":true,"href":"https:\/\/www.servetimskincarehouse.com\/index.php\/wp-json\/wp\/v2\/media\/19686"}],"wp:attachment":[{"href":"https:\/\/www.servetimskincarehouse.com\/index.php\/wp-json\/wp\/v2\/media?parent=12988"}],"curies":[{"name":"wp","href":"https:\/\/api.w.org\/{rel}","templated":true}]}}